{"id":3089,"date":"2025-07-23T06:27:57","date_gmt":"2025-07-23T04:27:57","guid":{"rendered":"https:\/\/enlace-med.com\/?page_id=3089"},"modified":"2025-10-13T07:37:06","modified_gmt":"2025-10-13T05:37:06","slug":"prensa","status":"publish","type":"page","link":"https:\/\/enlace-med.com\/en\/prensa\/","title":{"rendered":"Press"},"content":{"rendered":"<div data-elementor-type=\"wp-page\" data-elementor-id=\"3089\" class=\"elementor elementor-3089\" data-elementor-post-type=\"page\">\n\t\t\t\t<div class=\"elementor-element elementor-element-40ae5cc e-con-full e-flex e-con e-parent\" data-id=\"40ae5cc\" data-element_type=\"container\">\n\t\t<div class=\"elementor-element elementor-element-ebcf8a5 e-con-full e-flex e-con e-child\" data-id=\"ebcf8a5\" data-element_type=\"container\" data-settings=\"{&quot;background_background&quot;:&quot;classic&quot;}\">\n\t\t<div class=\"elementor-element elementor-element-8161c4d e-con-full e-flex e-con e-child\" data-id=\"8161c4d\" data-element_type=\"container\">\n\t\t\t\t<div class=\"elementor-element elementor-element-844be5c elementor-widget elementor-widget-heading\" data-id=\"844be5c\" data-element_type=\"widget\" data-widget_type=\"heading.default\">\n\t\t\t\t<div class=\"elementor-widget-container\">\n\t\t\t\t\t<h2 class=\"elementor-heading-title elementor-size-default\">Press<\/h2>\t\t\t\t<\/div>\n\t\t\t\t<\/div>\n\t\t\t\t<\/div>\n\t\t\t\t<\/div>\n\t\t\t\t<\/div>\n\t\t<div class=\"elementor-element elementor-element-083759a e-flex e-con-boxed e-con e-parent\" data-id=\"083759a\" data-element_type=\"container\">\n\t\t\t\t\t<div class=\"e-con-inner\">\n\t\t\t\t<div class=\"elementor-element elementor-element-904b3be elementor-grid-2 elementor-grid-tablet-2 elementor-grid-mobile-1 elementor-posts--thumbnail-top elementor-card-shadow-yes elementor-posts__hover-gradient elementor-widget elementor-widget-posts\" data-id=\"904b3be\" data-element_type=\"widget\" data-settings=\"{&quot;cards_columns&quot;:&quot;2&quot;,&quot;cards_columns_tablet&quot;:&quot;2&quot;,&quot;cards_columns_mobile&quot;:&quot;1&quot;,&quot;cards_row_gap&quot;:{&quot;unit&quot;:&quot;px&quot;,&quot;size&quot;:35,&quot;sizes&quot;:[]},&quot;cards_row_gap_tablet&quot;:{&quot;unit&quot;:&quot;px&quot;,&quot;size&quot;:&quot;&quot;,&quot;sizes&quot;:[]},&quot;cards_row_gap_mobile&quot;:{&quot;unit&quot;:&quot;px&quot;,&quot;size&quot;:&quot;&quot;,&quot;sizes&quot;:[]}}\" data-widget_type=\"posts.cards\">\n\t\t\t\t<div class=\"elementor-widget-container\">\n\t\t\t\t\t\t\t<div class=\"elementor-posts-container elementor-posts elementor-posts--skin-cards elementor-grid\">\n\t\t\t\t<article class=\"elementor-post elementor-grid-item post-3122 post type-post status-publish format-standard has-post-thumbnail hentry category-prensa\">\n\t\t\t<div class=\"elementor-post__card\">\n\t\t\t\t<a class=\"elementor-post__thumbnail__link\" href=\"https:\/\/enlace-med.com\/en\/2025\/07\/23\/reconocidos-neurocirujanos-espanoles-especialistas-en-tecnicas-avanzadas-de-cirugia-minimamente-invasiva-de-columna-ofreceran-una-conferencia-en-guatemala\/\" tabindex=\"-1\" ><div class=\"elementor-post__thumbnail\"><img fetchpriority=\"high\" decoding=\"async\" width=\"300\" height=\"200\" src=\"https:\/\/enlace-med.com\/wp-content\/uploads\/2025\/06\/DSC_8078-300x200.jpg\" class=\"attachment-medium size-medium wp-image-2949\" alt=\"\" srcset=\"https:\/\/enlace-med.com\/wp-content\/uploads\/2025\/06\/DSC_8078-300x200.jpg 300w, https:\/\/enlace-med.com\/wp-content\/uploads\/2025\/06\/DSC_8078-1024x683.jpg 1024w, https:\/\/enlace-med.com\/wp-content\/uploads\/2025\/06\/DSC_8078-768x513.jpg 768w, https:\/\/enlace-med.com\/wp-content\/uploads\/2025\/06\/DSC_8078-1536x1025.jpg 1536w, https:\/\/enlace-med.com\/wp-content\/uploads\/2025\/06\/DSC_8078-2048x1367.jpg 2048w, https:\/\/enlace-med.com\/wp-content\/uploads\/2025\/06\/DSC_8078-18x12.jpg 18w\" sizes=\"(max-width: 300px) 100vw, 300px\" \/><\/div><\/a>\n\t\t\t\t<div class=\"elementor-post__text\">\n\t\t\t\t<h3 class=\"elementor-post__title\">\n\t\t\t<a href=\"https:\/\/enlace-med.com\/en\/2025\/07\/23\/reconocidos-neurocirujanos-espanoles-especialistas-en-tecnicas-avanzadas-de-cirugia-minimamente-invasiva-de-columna-ofreceran-una-conferencia-en-guatemala\/\" >\n\t\t\t\tRenowned Spanish neurosurgeons, specialists in advanced minimally invasive spine surgery techniques, will give a conference in Guatemala\t\t\t<\/a>\n\t\t<\/h3>\n\t\t\t\t<div class=\"elementor-post__excerpt\">\n\t\t\t<p>Guatemala was the meeting point for the outstanding high-level medical conference, led by the renowned Spanish neurosurgeons Dr. Pablo Clavel and Dr.<\/p>\n\t\t<\/div>\n\t\t\n\t\t<a class=\"elementor-post__read-more\" href=\"https:\/\/enlace-med.com\/en\/2025\/07\/23\/reconocidos-neurocirujanos-espanoles-especialistas-en-tecnicas-avanzadas-de-cirugia-minimamente-invasiva-de-columna-ofreceran-una-conferencia-en-guatemala\/\" aria-label=\"Read more about Reconocidos neurocirujanos espa\u00f1oles, especialistas en t\u00e9cnicas avanzadas de cirug\u00eda m\u00ednimamente invasiva de columna, ofrecer\u00e1n una conferencia en Guatemala\" tabindex=\"-1\" >\n\t\t\tRead more \"\t\t<\/a>\n\n\t\t\t\t<\/div>\n\t\t\t\t<div class=\"elementor-post__meta-data\">\n\t\t\t\t\t<span class=\"elementor-post-date\">\n\t\t\tJuly 23, 2025\t\t<\/span>\n\t\t\t\t<\/div>\n\t\t\t\t\t<\/div>\n\t\t<\/article>\n\t\t\t\t<\/div>\n\t\t\n\t\t\t\t\t\t<\/div>\n\t\t\t\t<\/div>\n\t\t\t\t\t<\/div>\n\t\t\t\t<\/div>\n\t\t\t\t<\/div>","protected":false},"excerpt":{"rendered":"<p>Press<\/p>","protected":false},"author":4,"featured_media":0,"parent":0,"menu_order":0,"comment_status":"closed","ping_status":"closed","template":"elementor_header_footer","meta":{"_acf_changed":false,"_eb_attr":"","content-type":"","footnotes":""},"class_list":["post-3089","page","type-page","status-publish","hentry"],"acf":[],"aioseo_notices":[],"_links":{"self":[{"href":"https:\/\/enlace-med.com\/en\/wp-json\/wp\/v2\/pages\/3089","targetHints":{"allow":["GET"]}}],"collection":[{"href":"https:\/\/enlace-med.com\/en\/wp-json\/wp\/v2\/pages"}],"about":[{"href":"https:\/\/enlace-med.com\/en\/wp-json\/wp\/v2\/types\/page"}],"author":[{"embeddable":true,"href":"https:\/\/enlace-med.com\/en\/wp-json\/wp\/v2\/users\/4"}],"replies":[{"embeddable":true,"href":"https:\/\/enlace-med.com\/en\/wp-json\/wp\/v2\/comments?post=3089"}],"version-history":[{"count":22,"href":"https:\/\/enlace-med.com\/en\/wp-json\/wp\/v2\/pages\/3089\/revisions"}],"predecessor-version":[{"id":3265,"href":"https:\/\/enlace-med.com\/en\/wp-json\/wp\/v2\/pages\/3089\/revisions\/3265"}],"wp:attachment":[{"href":"https:\/\/enlace-med.com\/en\/wp-json\/wp\/v2\/media?parent=3089"}],"curies":[{"name":"wp","href":"https:\/\/api.w.org\/{rel}","templated":true}]}}