{"id":3,"date":"2024-10-07T23:43:51","date_gmt":"2024-10-07T21:43:51","guid":{"rendered":"https:\/\/enlace-med.com\/?page_id=3"},"modified":"2026-04-09T06:48:08","modified_gmt":"2026-04-09T04:48:08","slug":"politica-privacidad","status":"publish","type":"page","link":"https:\/\/enlace-med.com\/en\/politica-privacidad\/","title":{"rendered":"Pol\u00edtica de privacidad"},"content":{"rendered":"<h2 class=\"wp-block-heading\"><\/h2>\n\n\n\n<p>Nuestra pol\u00edtica de privacidad informa a los usuarios sobre el tratamiento de sus datos personales. Recopilamos informaci\u00f3n a trav\u00e9s de formularios y cookies con el fin de mejorar la experiencia del usuario y ofrecer servicios personalizados. Los datos se almacenan de manera segura y se utilizan exclusivamente para los fines especificados. No compartimos informaci\u00f3n personal con terceros sin el consentimiento del usuario. Los usuarios tienen derecho a acceder, rectificar y eliminar sus datos en cualquier momento.<\/p>\n\n\n\n<p><\/p>","protected":false},"excerpt":{"rendered":"<p>Nuestra pol\u00edtica de privacidad informa a los usuarios sobre el tratamiento de sus datos personales. Recopilamos informaci\u00f3n a trav\u00e9s de formularios y cookies con el fin de mejorar la experiencia del usuario y ofrecer servicios personalizados. Los datos se almacenan de manera segura y se utilizan exclusivamente para los fines especificados. No compartimos informaci\u00f3n personal [&hellip;]<\/p>\n","protected":false},"author":2,"featured_media":0,"parent":0,"menu_order":0,"comment_status":"closed","ping_status":"open","template":"","meta":{"_acf_changed":false,"_eb_attr":"","content-type":"","footnotes":""},"class_list":["post-3","page","type-page","status-publish","hentry"],"acf":[],"aioseo_notices":[],"_links":{"self":[{"href":"https:\/\/enlace-med.com\/en\/wp-json\/wp\/v2\/pages\/3","targetHints":{"allow":["GET"]}}],"collection":[{"href":"https:\/\/enlace-med.com\/en\/wp-json\/wp\/v2\/pages"}],"about":[{"href":"https:\/\/enlace-med.com\/en\/wp-json\/wp\/v2\/types\/page"}],"author":[{"embeddable":true,"href":"https:\/\/enlace-med.com\/en\/wp-json\/wp\/v2\/users\/2"}],"replies":[{"embeddable":true,"href":"https:\/\/enlace-med.com\/en\/wp-json\/wp\/v2\/comments?post=3"}],"version-history":[{"count":1,"href":"https:\/\/enlace-med.com\/en\/wp-json\/wp\/v2\/pages\/3\/revisions"}],"predecessor-version":[{"id":3393,"href":"https:\/\/enlace-med.com\/en\/wp-json\/wp\/v2\/pages\/3\/revisions\/3393"}],"wp:attachment":[{"href":"https:\/\/enlace-med.com\/en\/wp-json\/wp\/v2\/media?parent=3"}],"curies":[{"name":"wp","href":"https:\/\/api.w.org\/{rel}","templated":true}]}}