{"id":15,"date":"2024-10-10T17:41:07","date_gmt":"2024-10-10T15:41:07","guid":{"rendered":"https:\/\/enlace-med.com\/?page_id=15"},"modified":"2025-02-07T14:42:28","modified_gmt":"2025-02-07T13:42:28","slug":"centros-hospitalarios","status":"publish","type":"page","link":"https:\/\/enlace-med.com\/en\/centros-hospitalarios\/","title":{"rendered":"Hospital Centers"},"content":{"rendered":"\t\t<div data-elementor-type=\"wp-page\" data-elementor-id=\"15\" class=\"elementor elementor-15\" data-elementor-post-type=\"page\">\n\t\t\t\t<div class=\"elementor-element elementor-element-302df9b e-con-full e-flex e-con e-parent\" data-id=\"302df9b\" data-element_type=\"container\">\n\t\t<div class=\"elementor-element elementor-element-f955960 e-con-full e-flex e-con e-child\" data-id=\"f955960\" data-element_type=\"container\" data-settings=\"{&quot;background_background&quot;:&quot;classic&quot;}\">\n\t\t<div class=\"elementor-element elementor-element-1e28c74 e-con-full e-flex e-con e-child\" data-id=\"1e28c74\" data-element_type=\"container\">\n\t\t\t\t<div class=\"elementor-element elementor-element-b956b6b elementor-invisible elementor-widget elementor-widget-heading\" data-id=\"b956b6b\" data-element_type=\"widget\" data-settings=\"{&quot;_animation&quot;:&quot;fadeInUp&quot;}\" data-widget_type=\"heading.default\">\n\t\t\t\t<div class=\"elementor-widget-container\">\n\t\t\t\t\t<h2 class=\"elementor-heading-title elementor-size-default\">Centros hospitalarios<\/h2>\t\t\t\t<\/div>\n\t\t\t\t<\/div>\n\t\t\t\t<\/div>\n\t\t<div class=\"elementor-element elementor-element-27d16b0 e-con-full e-flex e-con e-child\" data-id=\"27d16b0\" data-element_type=\"container\">\n\t\t\t\t<\/div>\n\t\t\t\t<\/div>\n\t\t\t\t<\/div>\n\t\t<div class=\"elementor-element elementor-element-e2c81f3 e-con-full e-flex elementor-invisible e-con e-parent\" data-id=\"e2c81f3\" data-element_type=\"container\" data-settings=\"{&quot;animation&quot;:&quot;fadeInUp&quot;}\">\n\t\t\t\t<div class=\"elementor-element elementor-element-7d4bf90 elementor-grid-3 elementor-grid-tablet-2 elementor-grid-mobile-1 elementor-widget elementor-widget-loop-grid\" data-id=\"7d4bf90\" data-element_type=\"widget\" data-settings=\"{&quot;template_id&quot;:&quot;719&quot;,&quot;_skin&quot;:&quot;post&quot;,&quot;columns&quot;:&quot;3&quot;,&quot;columns_tablet&quot;:&quot;2&quot;,&quot;columns_mobile&quot;:&quot;1&quot;,&quot;edit_handle_selector&quot;:&quot;[data-elementor-type=\\&quot;loop-item\\&quot;]&quot;,&quot;row_gap&quot;:{&quot;unit&quot;:&quot;px&quot;,&quot;size&quot;:&quot;&quot;,&quot;sizes&quot;:[]},&quot;row_gap_tablet&quot;:{&quot;unit&quot;:&quot;px&quot;,&quot;size&quot;:&quot;&quot;,&quot;sizes&quot;:[]},&quot;row_gap_mobile&quot;:{&quot;unit&quot;:&quot;px&quot;,&quot;size&quot;:&quot;&quot;,&quot;sizes&quot;:[]}}\" data-widget_type=\"loop-grid.post\">\n\t\t\t\t<div class=\"elementor-widget-container\">\n\t\t\t\t\t\t\t<div class=\"elementor-loop-container elementor-grid\">\n\t\t<style id=\"loop-dynamic-719\">.e-loop-item-714 .elementor-element.elementor-element-9c7a77a .elementor-flip-box__front{background-image:url(\"https:\/\/enlace-med.com\/wp-content\/uploads\/2024\/10\/MATIOS-Minim-InstitutoClavel-003-alta.jpg\");}.e-loop-item-714 .elementor-element.elementor-element-9c7a77a .elementor-flip-box__back{background-image:url(\"https:\/\/enlace-med.com\/wp-content\/uploads\/2024\/10\/MATIOS-Minim-InstitutoClavel-003-alta.jpg\");}<\/style><style id=\"loop-719\">.elementor-719 .elementor-element.elementor-element-8f38d04{--display:flex;--flex-direction:column;--container-widget-width:100%;--container-widget-height:initial;--container-widget-flex-grow:0;--container-widget-align-self:initial;--flex-wrap-mobile:wrap;}.elementor-widget-flip-box .elementor-flip-box__front .elementor-flip-box__layer__title{font-family:var( --e-global-typography-primary-font-family ), Sans-serif;font-weight:var( --e-global-typography-primary-font-weight );}.elementor-widget-flip-box .elementor-flip-box__front .elementor-flip-box__layer__description{font-family:var( --e-global-typography-text-font-family ), Sans-serif;font-weight:var( --e-global-typography-text-font-weight );}.elementor-widget-flip-box .elementor-flip-box__back .elementor-flip-box__layer__title{font-family:var( --e-global-typography-primary-font-family ), Sans-serif;font-weight:var( --e-global-typography-primary-font-weight );}.elementor-widget-flip-box .elementor-flip-box__back .elementor-flip-box__layer__description{font-family:var( --e-global-typography-text-font-family ), Sans-serif;font-weight:var( --e-global-typography-text-font-weight );}.elementor-widget-flip-box .elementor-flip-box__button{font-family:var( --e-global-typography-accent-font-family ), Sans-serif;font-weight:var( --e-global-typography-accent-font-weight );}.elementor-719 .elementor-element.elementor-element-9c7a77a .elementor-flip-box__button{background-color:#FFFFFF;margin-center:0;font-family:\"Noto Sans\", Sans-serif;font-weight:500;color:var( --e-global-color-secondary );border-color:#02010100;border-radius:0px;}.elementor-719 .elementor-element.elementor-element-9c7a77a .elementor-flip-box__button:hover{background-color:var( --e-global-color-secondary );color:#FFFFFF;}.elementor-719 .elementor-element.elementor-element-9c7a77a .elementor-flip-box__front{background-position:center center;background-size:cover;}.elementor-719 .elementor-element.elementor-element-9c7a77a .elementor-flip-box__front .elementor-flip-box__layer__overlay{background-color:#36859073;text-align:center;}.elementor-719 .elementor-element.elementor-element-9c7a77a .elementor-flip-box__back{background-position:center center;background-size:cover;}.elementor-719 .elementor-element.elementor-element-9c7a77a .elementor-flip-box__back .elementor-flip-box__layer__overlay{background-color:#368590A3;text-align:center;}.elementor-719 .elementor-element.elementor-element-9c7a77a .elementor-flip-box__image{opacity:1;}.elementor-719 .elementor-element.elementor-element-9c7a77a .elementor-flip-box__front .elementor-flip-box__layer__title{font-family:\"Noto Sans\", Sans-serif;font-weight:600;}.elementor-719 .elementor-element.elementor-element-9c7a77a .elementor-flip-box__back .elementor-flip-box__layer__description{font-family:\"Noto Sans\", Sans-serif;font-weight:400;}@media(max-width:767px){.elementor-719 .elementor-element.elementor-element-9c7a77a .elementor-flip-box__front .elementor-flip-box__layer__title{font-size:1em;}.elementor-719 .elementor-element.elementor-element-9c7a77a .elementor-flip-box__back .elementor-flip-box__layer__description{font-size:0.8em;}.elementor-719 .elementor-element.elementor-element-9c7a77a .elementor-flip-box__button{font-size:1em;}}<\/style>\t\t<div data-elementor-type=\"loop-item\" data-elementor-id=\"719\" class=\"elementor elementor-719 e-loop-item e-loop-item-714 post-714 centro_hospitalario type-centro_hospitalario status-publish has-post-thumbnail hentry\" data-elementor-post-type=\"elementor_library\" data-custom-edit-handle=\"1\">\n\t\t\t<div class=\"elementor-element elementor-element-8f38d04 e-flex e-con-boxed e-con e-parent\" data-id=\"8f38d04\" data-element_type=\"container\">\n\t\t\t\t\t<div class=\"e-con-inner\">\n\t\t\t\t<div class=\"elementor-element elementor-element-9c7a77a elementor-flip-box--effect-fade elementor-widget elementor-widget-flip-box\" data-id=\"9c7a77a\" data-element_type=\"widget\" data-widget_type=\"flip-box.default\">\n\t\t\t\t<div class=\"elementor-widget-container\">\n\t\t\t\t\t\t\t<div class=\"elementor-flip-box\" tabindex=\"0\">\n\t\t\t<div class=\"elementor-flip-box__layer elementor-flip-box__front\">\n\t\t\t\t<div class=\"elementor-flip-box__layer__overlay\">\n\t\t\t\t\t<div class=\"elementor-flip-box__layer__inner\">\n\t\t\t\t\t\t\n\t\t\t\t\t\t\t\t\t\t\t\t\t<h3 class=\"elementor-flip-box__layer__title\">\n\t\t\t\t\t\t\t\tInstituto Clavel\t\t\t\t\t\t\t<\/h3>\n\t\t\t\t\t\t\n\t\t\t\t\t\t\t\t\t\t\t<\/div>\n\t\t\t\t<\/div>\n\t\t\t<\/div>\n\t\t\t<div class=\"elementor-flip-box__layer elementor-flip-box__back\">\n\t\t\t<div class=\"elementor-flip-box__layer__overlay\">\n\t\t\t\t<div class=\"elementor-flip-box__layer__inner\">\n\t\t\t\t\t\n\t\t\t\t\t\t\t\t\t\t\t<div class=\"elementor-flip-box__layer__description\">\n\t\t\t\t\t\t\t<p>El Instituto Clavel es un centro de neurocirug\u00eda de renombre en Espa\u00f1a, con sedes en Barcelona y Madrid.<\/p>\n\t\t\t\t\t\t<\/div>\n\t\t\t\t\t\n\t\t\t\t\t\t\t\t\t\t\t<a class=\"elementor-flip-box__button elementor-button elementor-size-sm\" href=\"https:\/\/enlace-med.com\/en\/centro_hospitalario\/instituto-clavel\/\">\n\t\t\t\t\t\t\tVer m\u00e1s\t\t\t\t\t\t<\/a>\n\t\t\t\t\t\t\t\t<\/div>\n\t\t<\/div>\n\t\t<\/div>\n\t\t<\/div>\n\t\t\t\t\t\t<\/div>\n\t\t\t\t<\/div>\n\t\t\t\t\t<\/div>\n\t\t\t\t<\/div>\n\t\t\t\t<\/div>\n\t\t<style id=\"loop-dynamic-719\">.e-loop-item-715 .elementor-element.elementor-element-9c7a77a .elementor-flip-box__front{background-image:url(\"https:\/\/enlace-med.com\/wp-content\/uploads\/2024\/10\/PHOTO-2024-10-24-12-51-35.jpg\");}.e-loop-item-715 .elementor-element.elementor-element-9c7a77a .elementor-flip-box__back{background-image:url(\"https:\/\/enlace-med.com\/wp-content\/uploads\/2024\/10\/PHOTO-2024-10-24-12-51-35.jpg\");}<\/style>\t\t<div data-elementor-type=\"loop-item\" data-elementor-id=\"719\" class=\"elementor elementor-719 e-loop-item e-loop-item-715 post-715 centro_hospitalario type-centro_hospitalario status-publish has-post-thumbnail hentry\" data-elementor-post-type=\"elementor_library\" data-custom-edit-handle=\"1\">\n\t\t\t<div class=\"elementor-element elementor-element-8f38d04 e-flex e-con-boxed e-con e-parent\" data-id=\"8f38d04\" data-element_type=\"container\">\n\t\t\t\t\t<div class=\"e-con-inner\">\n\t\t\t\t<div class=\"elementor-element elementor-element-9c7a77a elementor-flip-box--effect-fade elementor-widget elementor-widget-flip-box\" data-id=\"9c7a77a\" data-element_type=\"widget\" data-widget_type=\"flip-box.default\">\n\t\t\t\t<div class=\"elementor-widget-container\">\n\t\t\t\t\t\t\t<div class=\"elementor-flip-box\" tabindex=\"0\">\n\t\t\t<div class=\"elementor-flip-box__layer elementor-flip-box__front\">\n\t\t\t\t<div class=\"elementor-flip-box__layer__overlay\">\n\t\t\t\t\t<div class=\"elementor-flip-box__layer__inner\">\n\t\t\t\t\t\t\n\t\t\t\t\t\t\t\t\t\t\t\t\t<h3 class=\"elementor-flip-box__layer__title\">\n\t\t\t\t\t\t\t\tInstituto Cugat\t\t\t\t\t\t\t<\/h3>\n\t\t\t\t\t\t\n\t\t\t\t\t\t\t\t\t\t\t<\/div>\n\t\t\t\t<\/div>\n\t\t\t<\/div>\n\t\t\t<div class=\"elementor-flip-box__layer elementor-flip-box__back\">\n\t\t\t<div class=\"elementor-flip-box__layer__overlay\">\n\t\t\t\t<div class=\"elementor-flip-box__layer__inner\">\n\t\t\t\t\t\n\t\t\t\t\t\t\t\t\t\t\t<div class=\"elementor-flip-box__layer__description\">\n\t\t\t\t\t\t\t<p>El\u00a0<b>Instituto Cugat<\/b>, ubicado en el Hospital Quir\u00f3nSalud de Barcelona, es un destacado centro de traumatolog\u00eda especializado en diversas \u00e1reas como\u00a0<b>rodilla, cadera, codo, hombro, mu\u00f1eca, tobillo, medicina regenerativa y traumatolog\u00eda del deporte<\/b>.<\/p>\n\t\t\t\t\t\t<\/div>\n\t\t\t\t\t\n\t\t\t\t\t\t\t\t\t\t\t<a class=\"elementor-flip-box__button elementor-button elementor-size-sm\" href=\"https:\/\/enlace-med.com\/en\/centro_hospitalario\/instituto-cugat\/\">\n\t\t\t\t\t\t\tVer m\u00e1s\t\t\t\t\t\t<\/a>\n\t\t\t\t\t\t\t\t<\/div>\n\t\t<\/div>\n\t\t<\/div>\n\t\t<\/div>\n\t\t\t\t\t\t<\/div>\n\t\t\t\t<\/div>\n\t\t\t\t\t<\/div>\n\t\t\t\t<\/div>\n\t\t\t\t<\/div>\n\t\t<style id=\"loop-dynamic-719\">.e-loop-item-1827 .elementor-element.elementor-element-9c7a77a .elementor-flip-box__front{background-image:url(\"https:\/\/enlace-med.com\/wp-content\/uploads\/2024\/12\/Captura-de-pantalla-2024-12-19-a-las-8.00.26\u202fa.-m.png\");}.e-loop-item-1827 .elementor-element.elementor-element-9c7a77a .elementor-flip-box__back{background-image:url(\"https:\/\/enlace-med.com\/wp-content\/uploads\/2024\/12\/Captura-de-pantalla-2024-12-19-a-las-8.00.26\u202fa.-m.png\");}<\/style>\t\t<div data-elementor-type=\"loop-item\" data-elementor-id=\"719\" class=\"elementor elementor-719 e-loop-item e-loop-item-1827 post-1827 centro_hospitalario type-centro_hospitalario status-publish has-post-thumbnail hentry\" data-elementor-post-type=\"elementor_library\" data-custom-edit-handle=\"1\">\n\t\t\t<div class=\"elementor-element elementor-element-8f38d04 e-flex e-con-boxed e-con e-parent\" data-id=\"8f38d04\" data-element_type=\"container\">\n\t\t\t\t\t<div class=\"e-con-inner\">\n\t\t\t\t<div class=\"elementor-element elementor-element-9c7a77a elementor-flip-box--effect-fade elementor-widget elementor-widget-flip-box\" data-id=\"9c7a77a\" data-element_type=\"widget\" data-widget_type=\"flip-box.default\">\n\t\t\t\t<div class=\"elementor-widget-container\">\n\t\t\t\t\t\t\t<div class=\"elementor-flip-box\" tabindex=\"0\">\n\t\t\t<div class=\"elementor-flip-box__layer elementor-flip-box__front\">\n\t\t\t\t<div class=\"elementor-flip-box__layer__overlay\">\n\t\t\t\t\t<div class=\"elementor-flip-box__layer__inner\">\n\t\t\t\t\t\t\n\t\t\t\t\t\t\t\t\t\t\t\t\t<h3 class=\"elementor-flip-box__layer__title\">\n\t\t\t\t\t\t\t\tInstituto de Urolog\u00eda LYX\t\t\t\t\t\t\t<\/h3>\n\t\t\t\t\t\t\n\t\t\t\t\t\t\t\t\t\t\t<\/div>\n\t\t\t\t<\/div>\n\t\t\t<\/div>\n\t\t\t<div class=\"elementor-flip-box__layer elementor-flip-box__back\">\n\t\t\t<div class=\"elementor-flip-box__layer__overlay\">\n\t\t\t\t<div class=\"elementor-flip-box__layer__inner\">\n\t\t\t\t\t\n\t\t\t\t\t\t\t\t\t\t\t<div class=\"elementor-flip-box__layer__description\">\n\t\t\t\t\t\t\t<p><span style=\"font-weight: 400\">LYX Instituto de Urolog\u00eda es un centro de referencia en Espa\u00f1a, fundado en 2014 por el Dr. Juan I. Mart\u00ednez-Salamanca.<\/span><\/p>\n\t\t\t\t\t\t<\/div>\n\t\t\t\t\t\n\t\t\t\t\t\t\t\t\t\t\t<a class=\"elementor-flip-box__button elementor-button elementor-size-sm\" href=\"https:\/\/enlace-med.com\/en\/centro_hospitalario\/instituto-de-urologia-lyx\/\">\n\t\t\t\t\t\t\tVer m\u00e1s\t\t\t\t\t\t<\/a>\n\t\t\t\t\t\t\t\t<\/div>\n\t\t<\/div>\n\t\t<\/div>\n\t\t<\/div>\n\t\t\t\t\t\t<\/div>\n\t\t\t\t<\/div>\n\t\t\t\t\t<\/div>\n\t\t\t\t<\/div>\n\t\t\t\t<\/div>\n\t\t<style id=\"loop-dynamic-719\">.e-loop-item-711 .elementor-element.elementor-element-9c7a77a .elementor-flip-box__front{background-image:url(\"https:\/\/enlace-med.com\/wp-content\/uploads\/2024\/10\/HQSBarcelona-1.jpg\");}.e-loop-item-711 .elementor-element.elementor-element-9c7a77a .elementor-flip-box__back{background-image:url(\"https:\/\/enlace-med.com\/wp-content\/uploads\/2024\/10\/HQSBarcelona-1.jpg\");}<\/style>\t\t<div data-elementor-type=\"loop-item\" data-elementor-id=\"719\" class=\"elementor elementor-719 e-loop-item e-loop-item-711 post-711 centro_hospitalario type-centro_hospitalario status-publish has-post-thumbnail hentry\" data-elementor-post-type=\"elementor_library\" data-custom-edit-handle=\"1\">\n\t\t\t<div class=\"elementor-element elementor-element-8f38d04 e-flex e-con-boxed e-con e-parent\" data-id=\"8f38d04\" data-element_type=\"container\">\n\t\t\t\t\t<div class=\"e-con-inner\">\n\t\t\t\t<div class=\"elementor-element elementor-element-9c7a77a elementor-flip-box--effect-fade elementor-widget elementor-widget-flip-box\" data-id=\"9c7a77a\" data-element_type=\"widget\" data-widget_type=\"flip-box.default\">\n\t\t\t\t<div class=\"elementor-widget-container\">\n\t\t\t\t\t\t\t<div class=\"elementor-flip-box\" tabindex=\"0\">\n\t\t\t<div class=\"elementor-flip-box__layer elementor-flip-box__front\">\n\t\t\t\t<div class=\"elementor-flip-box__layer__overlay\">\n\t\t\t\t\t<div class=\"elementor-flip-box__layer__inner\">\n\t\t\t\t\t\t\n\t\t\t\t\t\t\t\t\t\t\t\t\t<h3 class=\"elementor-flip-box__layer__title\">\n\t\t\t\t\t\t\t\tGrupo Hospitalario Quir\u00f3nsalud\t\t\t\t\t\t\t<\/h3>\n\t\t\t\t\t\t\n\t\t\t\t\t\t\t\t\t\t\t<\/div>\n\t\t\t\t<\/div>\n\t\t\t<\/div>\n\t\t\t<div class=\"elementor-flip-box__layer elementor-flip-box__back\">\n\t\t\t<div class=\"elementor-flip-box__layer__overlay\">\n\t\t\t\t<div class=\"elementor-flip-box__layer__inner\">\n\t\t\t\t\t\n\t\t\t\t\t\t\t\t\t\t\t<div class=\"elementor-flip-box__layer__description\">\n\t\t\t\t\t\t\t<p>Quir\u00f3nsalud es uno de los grupos de salud m\u00e1s reconocidos y prestigiosos de Espa\u00f1a, y se ha establecido como l\u00edder en la prestaci\u00f3n de servicios m\u00e9dicos de alta calidad.<\/p>\n\t\t\t\t\t\t<\/div>\n\t\t\t\t\t\n\t\t\t\t\t\t\t\t\t\t\t<a class=\"elementor-flip-box__button elementor-button elementor-size-sm\" href=\"https:\/\/enlace-med.com\/en\/centro_hospitalario\/grupo-hospitalario-quironsalud\/\">\n\t\t\t\t\t\t\tVer m\u00e1s\t\t\t\t\t\t<\/a>\n\t\t\t\t\t\t\t\t<\/div>\n\t\t<\/div>\n\t\t<\/div>\n\t\t<\/div>\n\t\t\t\t\t\t<\/div>\n\t\t\t\t<\/div>\n\t\t\t\t\t<\/div>\n\t\t\t\t<\/div>\n\t\t\t\t<\/div>\n\t\t<style id=\"loop-dynamic-719\">.e-loop-item-712 .elementor-element.elementor-element-9c7a77a .elementor-flip-box__front{background-image:url(\"https:\/\/enlace-med.com\/wp-content\/uploads\/2024\/10\/CUN.jpg\");}.e-loop-item-712 .elementor-element.elementor-element-9c7a77a .elementor-flip-box__back{background-image:url(\"https:\/\/enlace-med.com\/wp-content\/uploads\/2024\/10\/CUN.jpg\");}<\/style>\t\t<div data-elementor-type=\"loop-item\" data-elementor-id=\"719\" class=\"elementor elementor-719 e-loop-item e-loop-item-712 post-712 centro_hospitalario type-centro_hospitalario status-publish has-post-thumbnail hentry\" data-elementor-post-type=\"elementor_library\" data-custom-edit-handle=\"1\">\n\t\t\t<div class=\"elementor-element elementor-element-8f38d04 e-flex e-con-boxed e-con e-parent\" data-id=\"8f38d04\" data-element_type=\"container\">\n\t\t\t\t\t<div class=\"e-con-inner\">\n\t\t\t\t<div class=\"elementor-element elementor-element-9c7a77a elementor-flip-box--effect-fade elementor-widget elementor-widget-flip-box\" data-id=\"9c7a77a\" data-element_type=\"widget\" data-widget_type=\"flip-box.default\">\n\t\t\t\t<div class=\"elementor-widget-container\">\n\t\t\t\t\t\t\t<div class=\"elementor-flip-box\" tabindex=\"0\">\n\t\t\t<div class=\"elementor-flip-box__layer elementor-flip-box__front\">\n\t\t\t\t<div class=\"elementor-flip-box__layer__overlay\">\n\t\t\t\t\t<div class=\"elementor-flip-box__layer__inner\">\n\t\t\t\t\t\t\n\t\t\t\t\t\t\t\t\t\t\t\t\t<h3 class=\"elementor-flip-box__layer__title\">\n\t\t\t\t\t\t\t\tCl\u00ednica De La Universidad De Navarra\t\t\t\t\t\t\t<\/h3>\n\t\t\t\t\t\t\n\t\t\t\t\t\t\t\t\t\t\t<\/div>\n\t\t\t\t<\/div>\n\t\t\t<\/div>\n\t\t\t<div class=\"elementor-flip-box__layer elementor-flip-box__back\">\n\t\t\t<div class=\"elementor-flip-box__layer__overlay\">\n\t\t\t\t<div class=\"elementor-flip-box__layer__inner\">\n\t\t\t\t\t\n\t\t\t\t\t\t\t\t\t\t\t<div class=\"elementor-flip-box__layer__description\">\n\t\t\t\t\t\t\t<p>La Cl\u00ednica Universidad de Navarra, parte de la Universidad de Navarra, es un prestigioso grupo hospitalario con sede en Pamplona, Espa\u00f1a, y tambi\u00e9n cuenta con una destacada sede en Madrid.<\/p>\n\t\t\t\t\t\t<\/div>\n\t\t\t\t\t\n\t\t\t\t\t\t\t\t\t\t\t<a class=\"elementor-flip-box__button elementor-button elementor-size-sm\" href=\"https:\/\/enlace-med.com\/en\/centro_hospitalario\/clinica-de-la-universidad-de-navarra\/\">\n\t\t\t\t\t\t\tVer m\u00e1s\t\t\t\t\t\t<\/a>\n\t\t\t\t\t\t\t\t<\/div>\n\t\t<\/div>\n\t\t<\/div>\n\t\t<\/div>\n\t\t\t\t\t\t<\/div>\n\t\t\t\t<\/div>\n\t\t\t\t\t<\/div>\n\t\t\t\t<\/div>\n\t\t\t\t<\/div>\n\t\t<style id=\"loop-dynamic-719\">.e-loop-item-713 .elementor-element.elementor-element-9c7a77a .elementor-flip-box__front{background-image:url(\"https:\/\/enlace-med.com\/wp-content\/uploads\/2024\/10\/Hospital-hm-1.jpeg\");}.e-loop-item-713 .elementor-element.elementor-element-9c7a77a .elementor-flip-box__back{background-image:url(\"https:\/\/enlace-med.com\/wp-content\/uploads\/2024\/10\/Hospital-hm-1.jpeg\");}<\/style>\t\t<div data-elementor-type=\"loop-item\" data-elementor-id=\"719\" class=\"elementor elementor-719 e-loop-item e-loop-item-713 post-713 centro_hospitalario type-centro_hospitalario status-publish has-post-thumbnail hentry\" data-elementor-post-type=\"elementor_library\" data-custom-edit-handle=\"1\">\n\t\t\t<div class=\"elementor-element elementor-element-8f38d04 e-flex e-con-boxed e-con e-parent\" data-id=\"8f38d04\" data-element_type=\"container\">\n\t\t\t\t\t<div class=\"e-con-inner\">\n\t\t\t\t<div class=\"elementor-element elementor-element-9c7a77a elementor-flip-box--effect-fade elementor-widget elementor-widget-flip-box\" data-id=\"9c7a77a\" data-element_type=\"widget\" data-widget_type=\"flip-box.default\">\n\t\t\t\t<div class=\"elementor-widget-container\">\n\t\t\t\t\t\t\t<div class=\"elementor-flip-box\" tabindex=\"0\">\n\t\t\t<div class=\"elementor-flip-box__layer elementor-flip-box__front\">\n\t\t\t\t<div class=\"elementor-flip-box__layer__overlay\">\n\t\t\t\t\t<div class=\"elementor-flip-box__layer__inner\">\n\t\t\t\t\t\t\n\t\t\t\t\t\t\t\t\t\t\t\t\t<h3 class=\"elementor-flip-box__layer__title\">\n\t\t\t\t\t\t\t\tGrupo Hospitalario HM\t\t\t\t\t\t\t<\/h3>\n\t\t\t\t\t\t\n\t\t\t\t\t\t\t\t\t\t\t<\/div>\n\t\t\t\t<\/div>\n\t\t\t<\/div>\n\t\t\t<div class=\"elementor-flip-box__layer elementor-flip-box__back\">\n\t\t\t<div class=\"elementor-flip-box__layer__overlay\">\n\t\t\t\t<div class=\"elementor-flip-box__layer__inner\">\n\t\t\t\t\t\n\t\t\t\t\t\t\t\t\t\t\t<div class=\"elementor-flip-box__layer__description\">\n\t\t\t\t\t\t\t<p>El Grupo HM de Espa\u00f1a es una red de hospitales y centros m\u00e9dicos l\u00edder en el sector de la salud.<\/p>\n\t\t\t\t\t\t<\/div>\n\t\t\t\t\t\n\t\t\t\t\t\t\t\t\t\t\t<a class=\"elementor-flip-box__button elementor-button elementor-size-sm\" href=\"https:\/\/enlace-med.com\/en\/centro_hospitalario\/grupo-hospitalario-hm\/\">\n\t\t\t\t\t\t\tVer m\u00e1s\t\t\t\t\t\t<\/a>\n\t\t\t\t\t\t\t\t<\/div>\n\t\t<\/div>\n\t\t<\/div>\n\t\t<\/div>\n\t\t\t\t\t\t<\/div>\n\t\t\t\t<\/div>\n\t\t\t\t\t<\/div>\n\t\t\t\t<\/div>\n\t\t\t\t<\/div>\n\t\t\t\t<\/div>\n\t\t\n\t\t\t\t\t\t<\/div>\n\t\t\t\t<\/div>\n\t\t\t\t<\/div>\n\t\t\t\t<\/div>\n\t\t","protected":false},"excerpt":{"rendered":"<p>Hospital centers<\/p>","protected":false},"author":2,"featured_media":0,"parent":0,"menu_order":0,"comment_status":"closed","ping_status":"closed","template":"elementor_header_footer","meta":{"_acf_changed":false,"_eb_attr":"","content-type":"","footnotes":""},"class_list":["post-15","page","type-page","status-publish","hentry"],"acf":[],"aioseo_notices":[],"_links":{"self":[{"href":"https:\/\/enlace-med.com\/en\/wp-json\/wp\/v2\/pages\/15","targetHints":{"allow":["GET"]}}],"collection":[{"href":"https:\/\/enlace-med.com\/en\/wp-json\/wp\/v2\/pages"}],"about":[{"href":"https:\/\/enlace-med.com\/en\/wp-json\/wp\/v2\/types\/page"}],"author":[{"embeddable":true,"href":"https:\/\/enlace-med.com\/en\/wp-json\/wp\/v2\/users\/2"}],"replies":[{"embeddable":true,"href":"https:\/\/enlace-med.com\/en\/wp-json\/wp\/v2\/comments?post=15"}],"version-history":[{"count":112,"href":"https:\/\/enlace-med.com\/en\/wp-json\/wp\/v2\/pages\/15\/revisions"}],"predecessor-version":[{"id":2375,"href":"https:\/\/enlace-med.com\/en\/wp-json\/wp\/v2\/pages\/15\/revisions\/2375"}],"wp:attachment":[{"href":"https:\/\/enlace-med.com\/en\/wp-json\/wp\/v2\/media?parent=15"}],"curies":[{"name":"wp","href":"https:\/\/api.w.org\/{rel}","templated":true}]}}