{"id":1293,"date":"2024-11-20T19:49:39","date_gmt":"2024-11-20T18:49:39","guid":{"rendered":"https:\/\/enlace-med.com\/?page_id=1293"},"modified":"2025-06-16T00:56:25","modified_gmt":"2025-06-15T22:56:25","slug":"eventos2","status":"publish","type":"page","link":"https:\/\/enlace-med.com\/en\/eventos2\/","title":{"rendered":"Events"},"content":{"rendered":"\t\t<div data-elementor-type=\"wp-page\" data-elementor-id=\"1293\" class=\"elementor elementor-1293\" data-elementor-post-type=\"page\">\n\t\t\t\t<div class=\"elementor-element elementor-element-a6eb7ec e-con-full e-flex e-con e-parent\" data-id=\"a6eb7ec\" data-element_type=\"container\">\n\t\t<div class=\"elementor-element elementor-element-902f41d e-con-full e-flex e-con e-child\" data-id=\"902f41d\" data-element_type=\"container\">\n\t\t<div class=\"elementor-element elementor-element-d31e013 e-con-full e-flex e-con e-child\" data-id=\"d31e013\" data-element_type=\"container\" data-settings=\"{&quot;background_background&quot;:&quot;classic&quot;}\">\n\t\t<div class=\"elementor-element elementor-element-44ce940 e-con-full e-flex e-con e-child\" data-id=\"44ce940\" data-element_type=\"container\">\n\t\t\t\t<div class=\"elementor-element elementor-element-88ec323 elementor-invisible elementor-widget elementor-widget-heading\" data-id=\"88ec323\" data-element_type=\"widget\" data-settings=\"{&quot;_animation&quot;:&quot;fadeInUp&quot;}\" data-widget_type=\"heading.default\">\n\t\t\t\t<div class=\"elementor-widget-container\">\n\t\t\t\t\t<h2 class=\"elementor-heading-title elementor-size-default\">Eventos<\/h2>\t\t\t\t<\/div>\n\t\t\t\t<\/div>\n\t\t\t\t<\/div>\n\t\t<div class=\"elementor-element elementor-element-6fad5f4 e-con-full e-flex e-con e-child\" data-id=\"6fad5f4\" data-element_type=\"container\">\n\t\t\t\t<\/div>\n\t\t\t\t<\/div>\n\t\t\t\t<\/div>\n\t\t\t\t<\/div>\n\t\t<div class=\"elementor-element elementor-element-33bc5d2 e-con-full e-flex elementor-invisible e-con e-parent\" data-id=\"33bc5d2\" data-element_type=\"container\" data-settings=\"{&quot;animation&quot;:&quot;fadeInRight&quot;}\">\n\t\t<div class=\"elementor-element elementor-element-6b27fcc e-con-full e-flex e-con e-child\" data-id=\"6b27fcc\" data-element_type=\"container\">\n\t\t\t\t<div class=\"elementor-element elementor-element-0680daa elementor-grid-3 elementor-grid-tablet-2 elementor-grid-mobile-1 elementor-widget elementor-widget-loop-grid\" data-id=\"0680daa\" data-element_type=\"widget\" data-settings=\"{&quot;template_id&quot;:&quot;1280&quot;,&quot;_skin&quot;:&quot;post&quot;,&quot;columns&quot;:&quot;3&quot;,&quot;columns_tablet&quot;:&quot;2&quot;,&quot;columns_mobile&quot;:&quot;1&quot;,&quot;edit_handle_selector&quot;:&quot;[data-elementor-type=\\&quot;loop-item\\&quot;]&quot;,&quot;row_gap&quot;:{&quot;unit&quot;:&quot;px&quot;,&quot;size&quot;:&quot;&quot;,&quot;sizes&quot;:[]},&quot;row_gap_tablet&quot;:{&quot;unit&quot;:&quot;px&quot;,&quot;size&quot;:&quot;&quot;,&quot;sizes&quot;:[]},&quot;row_gap_mobile&quot;:{&quot;unit&quot;:&quot;px&quot;,&quot;size&quot;:&quot;&quot;,&quot;sizes&quot;:[]}}\" data-widget_type=\"loop-grid.post\">\n\t\t\t\t<div class=\"elementor-widget-container\">\n\t\t\t\t\t\t\t<div class=\"elementor-loop-container elementor-grid\">\n\t\t<style id=\"loop-1280\">.elementor-1280 .elementor-element.elementor-element-700e21d9{--display:flex;--flex-direction:column;--container-widget-width:100%;--container-widget-height:initial;--container-widget-flex-grow:0;--container-widget-align-self:initial;--flex-wrap-mobile:wrap;--justify-content:space-between;box-shadow:0px 0px 11px -4px rgba(0, 0, 0, 0.42);--padding-top:30px;--padding-bottom:30px;--padding-left:30px;--padding-right:30px;}.elementor-widget-theme-post-featured-image .widget-image-caption{color:var( --e-global-color-text );font-family:var( --e-global-typography-text-font-family ), Sans-serif;font-weight:var( --e-global-typography-text-font-weight );}.elementor-1280 .elementor-element.elementor-element-7461bcd6 img{height:187px;object-fit:cover;object-position:center center;}.elementor-widget-text-editor{font-family:var( --e-global-typography-text-font-family ), Sans-serif;font-weight:var( --e-global-typography-text-font-weight );color:var( --e-global-color-text );}.elementor-widget-text-editor.elementor-drop-cap-view-stacked .elementor-drop-cap{background-color:var( --e-global-color-primary );}.elementor-widget-text-editor.elementor-drop-cap-view-framed .elementor-drop-cap, .elementor-widget-text-editor.elementor-drop-cap-view-default .elementor-drop-cap{color:var( --e-global-color-primary );border-color:var( --e-global-color-primary );}.elementor-1280 .elementor-element.elementor-element-4a769bb{font-family:\"Noto Sans\", Sans-serif;font-weight:700;}.elementor-widget-theme-post-title .elementor-heading-title{font-family:var( --e-global-typography-primary-font-family ), Sans-serif;font-weight:var( --e-global-typography-primary-font-weight );color:var( --e-global-color-primary );}.elementor-1280 .elementor-element.elementor-element-43afc25e > .elementor-widget-container{margin:-16px 0px 0px 0px;}.elementor-1280 .elementor-element.elementor-element-43afc25e .elementor-heading-title{font-family:\"Noto Sans\", Sans-serif;font-size:1.4em;font-weight:600;line-height:28px;}.elementor-widget-theme-post-excerpt .elementor-widget-container{color:var( --e-global-color-text );font-family:var( --e-global-typography-text-font-family ), Sans-serif;font-weight:var( --e-global-typography-text-font-weight );}.elementor-widget-button .elementor-button{background-color:var( --e-global-color-accent );font-family:var( --e-global-typography-accent-font-family ), Sans-serif;font-weight:var( --e-global-typography-accent-font-weight );}.elementor-1280 .elementor-element.elementor-element-5430edf6 .elementor-button:hover, .elementor-1280 .elementor-element.elementor-element-5430edf6 .elementor-button:focus{background-color:var( --e-global-color-secondary );}.elementor-1280 .elementor-element.elementor-element-5430edf6 .elementor-button{fill:#FFFFFF;color:#FFFFFF;border-radius:0px 0px 0px 0px;}<\/style>\t\t<div data-elementor-type=\"loop-item\" data-elementor-id=\"1280\" class=\"elementor elementor-1280 e-loop-item e-loop-item-3364 post-3364 eventos type-eventos status-publish has-post-thumbnail hentry\" data-elementor-post-type=\"elementor_library\" data-custom-edit-handle=\"1\">\n\t\t\t<div class=\"elementor-element elementor-element-700e21d9 e-flex e-con-boxed e-con e-parent\" data-id=\"700e21d9\" data-element_type=\"container\">\n\t\t\t\t\t<div class=\"e-con-inner\">\n\t\t\t\t<div class=\"elementor-element elementor-element-7461bcd6 elementor-widget elementor-widget-theme-post-featured-image elementor-widget-image\" data-id=\"7461bcd6\" data-element_type=\"widget\" data-widget_type=\"theme-post-featured-image.default\">\n\t\t\t\t<div class=\"elementor-widget-container\">\n\t\t\t\t\t\t\t\t\t\t\t\t\t\t\t<img fetchpriority=\"high\" decoding=\"async\" width=\"800\" height=\"800\" src=\"https:\/\/enlace-med.com\/wp-content\/uploads\/2025\/11\/Diseno-sin-titulo-3-1024x1024.png\" class=\"attachment-large size-large wp-image-3346\" alt=\"\" srcset=\"https:\/\/enlace-med.com\/wp-content\/uploads\/2025\/11\/Diseno-sin-titulo-3-1024x1024.png 1024w, https:\/\/enlace-med.com\/wp-content\/uploads\/2025\/11\/Diseno-sin-titulo-3-300x300.png 300w, https:\/\/enlace-med.com\/wp-content\/uploads\/2025\/11\/Diseno-sin-titulo-3-150x150.png 150w, https:\/\/enlace-med.com\/wp-content\/uploads\/2025\/11\/Diseno-sin-titulo-3-768x768.png 768w, https:\/\/enlace-med.com\/wp-content\/uploads\/2025\/11\/Diseno-sin-titulo-3-12x12.png 12w, https:\/\/enlace-med.com\/wp-content\/uploads\/2025\/11\/Diseno-sin-titulo-3.png 1080w\" sizes=\"(max-width: 800px) 100vw, 800px\" \/>\t\t\t\t\t\t\t\t\t\t\t\t\t\t\t<\/div>\n\t\t\t\t<\/div>\n\t\t\t\t<div class=\"elementor-element elementor-element-43afc25e elementor-widget elementor-widget-theme-post-title elementor-page-title elementor-widget-heading\" data-id=\"43afc25e\" data-element_type=\"widget\" data-widget_type=\"theme-post-title.default\">\n\t\t\t\t<div class=\"elementor-widget-container\">\n\t\t\t\t\t<h1 class=\"elementor-heading-title elementor-size-default\">Webinar Instituto Clavel: \u00abVivir sin dolor\u00bb por el Dr. Pablo Clavel y la Dra. Iliana Vega<\/h1>\t\t\t\t<\/div>\n\t\t\t\t<\/div>\n\t\t\t\t<div class=\"elementor-element elementor-element-5430edf6 elementor-widget elementor-widget-button\" data-id=\"5430edf6\" data-element_type=\"widget\" data-widget_type=\"button.default\">\n\t\t\t\t<div class=\"elementor-widget-container\">\n\t\t\t\t\t\t\t\t\t<div class=\"elementor-button-wrapper\">\n\t\t\t\t\t<a class=\"elementor-button elementor-button-link elementor-size-sm\" href=\"https:\/\/enlace-med.com\/en\/eventos\/webinar-instituto-clavel-vivir-sin-dolor-por-el-dr-pablo-clavel-y-la-dra-iliana-vega\/\">\n\t\t\t\t\t\t<span class=\"elementor-button-content-wrapper\">\n\t\t\t\t\t\t\t\t\t<span class=\"elementor-button-text\">Leer m\u00e1s<\/span>\n\t\t\t\t\t<\/span>\n\t\t\t\t\t<\/a>\n\t\t\t\t<\/div>\n\t\t\t\t\t\t\t\t<\/div>\n\t\t\t\t<\/div>\n\t\t\t\t\t<\/div>\n\t\t\t\t<\/div>\n\t\t\t\t<\/div>\n\t\t\t\t<div data-elementor-type=\"loop-item\" data-elementor-id=\"1280\" class=\"elementor elementor-1280 e-loop-item e-loop-item-3283 post-3283 eventos type-eventos status-publish has-post-thumbnail hentry\" data-elementor-post-type=\"elementor_library\" data-custom-edit-handle=\"1\">\n\t\t\t<div class=\"elementor-element elementor-element-700e21d9 e-flex e-con-boxed e-con e-parent\" data-id=\"700e21d9\" data-element_type=\"container\">\n\t\t\t\t\t<div class=\"e-con-inner\">\n\t\t\t\t<div class=\"elementor-element elementor-element-7461bcd6 elementor-widget elementor-widget-theme-post-featured-image elementor-widget-image\" data-id=\"7461bcd6\" data-element_type=\"widget\" data-widget_type=\"theme-post-featured-image.default\">\n\t\t\t\t<div class=\"elementor-widget-container\">\n\t\t\t\t\t\t\t\t\t\t\t\t\t\t\t<img decoding=\"async\" width=\"800\" height=\"273\" src=\"https:\/\/enlace-med.com\/wp-content\/uploads\/2025\/10\/Sin-titulo-1-1024x350.jpg\" class=\"attachment-large size-large wp-image-3249\" alt=\"Conferencia Instituto Cugat\" srcset=\"https:\/\/enlace-med.com\/wp-content\/uploads\/2025\/10\/Sin-titulo-1-1024x350.jpg 1024w, https:\/\/enlace-med.com\/wp-content\/uploads\/2025\/10\/Sin-titulo-1-300x102.jpg 300w, https:\/\/enlace-med.com\/wp-content\/uploads\/2025\/10\/Sin-titulo-1-768x262.jpg 768w, https:\/\/enlace-med.com\/wp-content\/uploads\/2025\/10\/Sin-titulo-1-1536x524.jpg 1536w, https:\/\/enlace-med.com\/wp-content\/uploads\/2025\/10\/Sin-titulo-1-2048x699.jpg 2048w, https:\/\/enlace-med.com\/wp-content\/uploads\/2025\/10\/Sin-titulo-1-18x6.jpg 18w\" sizes=\"(max-width: 800px) 100vw, 800px\" \/>\t\t\t\t\t\t\t\t\t\t\t\t\t\t\t<\/div>\n\t\t\t\t<\/div>\n\t\t\t\t<div class=\"elementor-element elementor-element-4a769bb elementor-widget elementor-widget-text-editor\" data-id=\"4a769bb\" data-element_type=\"widget\" data-widget_type=\"text-editor.default\">\n\t\t\t\t<div class=\"elementor-widget-container\">\n\t\t\t\t\t\t\t\t\tA\u00f1o 2025: Instituto Cugat\t\t\t\t\t\t\t\t<\/div>\n\t\t\t\t<\/div>\n\t\t\t\t<div class=\"elementor-element elementor-element-43afc25e elementor-widget elementor-widget-theme-post-title elementor-page-title elementor-widget-heading\" data-id=\"43afc25e\" data-element_type=\"widget\" data-widget_type=\"theme-post-title.default\">\n\t\t\t\t<div class=\"elementor-widget-container\">\n\t\t\t\t\t<h1 class=\"elementor-heading-title elementor-size-default\">Conferencia Instituto Cugat 2025: \u00abTratamientos de vanguardia y operaciones de alta complejidad en traumatolog\u00eda\u00bb<\/h1>\t\t\t\t<\/div>\n\t\t\t\t<\/div>\n\t\t\t\t<div class=\"elementor-element elementor-element-5430edf6 elementor-widget elementor-widget-button\" data-id=\"5430edf6\" data-element_type=\"widget\" data-widget_type=\"button.default\">\n\t\t\t\t<div class=\"elementor-widget-container\">\n\t\t\t\t\t\t\t\t\t<div class=\"elementor-button-wrapper\">\n\t\t\t\t\t<a class=\"elementor-button elementor-button-link elementor-size-sm\" href=\"https:\/\/enlace-med.com\/en\/eventos\/conferencia-instituto-cugat-2025\/\">\n\t\t\t\t\t\t<span class=\"elementor-button-content-wrapper\">\n\t\t\t\t\t\t\t\t\t<span class=\"elementor-button-text\">Leer m\u00e1s<\/span>\n\t\t\t\t\t<\/span>\n\t\t\t\t\t<\/a>\n\t\t\t\t<\/div>\n\t\t\t\t\t\t\t\t<\/div>\n\t\t\t\t<\/div>\n\t\t\t\t\t<\/div>\n\t\t\t\t<\/div>\n\t\t\t\t<\/div>\n\t\t\t\t<div data-elementor-type=\"loop-item\" data-elementor-id=\"1280\" class=\"elementor elementor-1280 e-loop-item e-loop-item-2948 post-2948 eventos type-eventos status-publish has-post-thumbnail hentry\" data-elementor-post-type=\"elementor_library\" data-custom-edit-handle=\"1\">\n\t\t\t<div class=\"elementor-element elementor-element-700e21d9 e-flex e-con-boxed e-con e-parent\" data-id=\"700e21d9\" data-element_type=\"container\">\n\t\t\t\t\t<div class=\"e-con-inner\">\n\t\t\t\t<div class=\"elementor-element elementor-element-7461bcd6 elementor-widget elementor-widget-theme-post-featured-image elementor-widget-image\" data-id=\"7461bcd6\" data-element_type=\"widget\" data-widget_type=\"theme-post-featured-image.default\">\n\t\t\t\t<div class=\"elementor-widget-container\">\n\t\t\t\t\t\t\t\t\t\t\t\t\t\t\t<img decoding=\"async\" width=\"800\" height=\"533\" src=\"https:\/\/enlace-med.com\/wp-content\/uploads\/2025\/06\/PHOTO-2025-04-28-12-06-29-18-1024x682.jpg\" class=\"attachment-large size-large wp-image-2955\" alt=\"\" srcset=\"https:\/\/enlace-med.com\/wp-content\/uploads\/2025\/06\/PHOTO-2025-04-28-12-06-29-18-1024x682.jpg 1024w, https:\/\/enlace-med.com\/wp-content\/uploads\/2025\/06\/PHOTO-2025-04-28-12-06-29-18-300x200.jpg 300w, https:\/\/enlace-med.com\/wp-content\/uploads\/2025\/06\/PHOTO-2025-04-28-12-06-29-18-768x512.jpg 768w, https:\/\/enlace-med.com\/wp-content\/uploads\/2025\/06\/PHOTO-2025-04-28-12-06-29-18-18x12.jpg 18w, https:\/\/enlace-med.com\/wp-content\/uploads\/2025\/06\/PHOTO-2025-04-28-12-06-29-18.jpg 1280w\" sizes=\"(max-width: 800px) 100vw, 800px\" \/>\t\t\t\t\t\t\t\t\t\t\t\t\t\t\t<\/div>\n\t\t\t\t<\/div>\n\t\t\t\t<div class=\"elementor-element elementor-element-4a769bb elementor-widget elementor-widget-text-editor\" data-id=\"4a769bb\" data-element_type=\"widget\" data-widget_type=\"text-editor.default\">\n\t\t\t\t<div class=\"elementor-widget-container\">\n\t\t\t\t\t\t\t\t\tA\u00f1o 2025: Instituto Clavel\t\t\t\t\t\t\t\t<\/div>\n\t\t\t\t<\/div>\n\t\t\t\t<div class=\"elementor-element elementor-element-43afc25e elementor-widget elementor-widget-theme-post-title elementor-page-title elementor-widget-heading\" data-id=\"43afc25e\" data-element_type=\"widget\" data-widget_type=\"theme-post-title.default\">\n\t\t\t\t<div class=\"elementor-widget-container\">\n\t\t\t\t\t<h1 class=\"elementor-heading-title elementor-size-default\">Conferencia Instituto Clavel 2025: \u00abSuperando un futuro sin dolor\u00bb y \u00abEscoliosis del adulto y adolescente\u00bb<\/h1>\t\t\t\t<\/div>\n\t\t\t\t<\/div>\n\t\t\t\t<div class=\"elementor-element elementor-element-5430edf6 elementor-widget elementor-widget-button\" data-id=\"5430edf6\" data-element_type=\"widget\" data-widget_type=\"button.default\">\n\t\t\t\t<div class=\"elementor-widget-container\">\n\t\t\t\t\t\t\t\t\t<div class=\"elementor-button-wrapper\">\n\t\t\t\t\t<a class=\"elementor-button elementor-button-link elementor-size-sm\" href=\"https:\/\/enlace-med.com\/en\/eventos\/conferencia-instituto-clavel-2025-superando-un-futuro-sin-dolor-y-escoliosis-del-adulto-y-adolescente\/\">\n\t\t\t\t\t\t<span class=\"elementor-button-content-wrapper\">\n\t\t\t\t\t\t\t\t\t<span class=\"elementor-button-text\">Leer m\u00e1s<\/span>\n\t\t\t\t\t<\/span>\n\t\t\t\t\t<\/a>\n\t\t\t\t<\/div>\n\t\t\t\t\t\t\t\t<\/div>\n\t\t\t\t<\/div>\n\t\t\t\t\t<\/div>\n\t\t\t\t<\/div>\n\t\t\t\t<\/div>\n\t\t\t\t<div data-elementor-type=\"loop-item\" data-elementor-id=\"1280\" class=\"elementor elementor-1280 e-loop-item e-loop-item-1412 post-1412 eventos type-eventos status-publish has-post-thumbnail hentry\" data-elementor-post-type=\"elementor_library\" data-custom-edit-handle=\"1\">\n\t\t\t<div class=\"elementor-element elementor-element-700e21d9 e-flex e-con-boxed e-con e-parent\" data-id=\"700e21d9\" data-element_type=\"container\">\n\t\t\t\t\t<div class=\"e-con-inner\">\n\t\t\t\t<div class=\"elementor-element elementor-element-7461bcd6 elementor-widget elementor-widget-theme-post-featured-image elementor-widget-image\" data-id=\"7461bcd6\" data-element_type=\"widget\" data-widget_type=\"theme-post-featured-image.default\">\n\t\t\t\t<div class=\"elementor-widget-container\">\n\t\t\t\t\t\t\t\t\t\t\t\t\t\t\t<img loading=\"lazy\" decoding=\"async\" width=\"768\" height=\"1024\" src=\"https:\/\/enlace-med.com\/wp-content\/uploads\/2024\/11\/WhatsApp-Image-2024-11-28-at-12.06.48-PM-1-768x1024.jpeg\" class=\"attachment-large size-large wp-image-1618\" alt=\"\" srcset=\"https:\/\/enlace-med.com\/wp-content\/uploads\/2024\/11\/WhatsApp-Image-2024-11-28-at-12.06.48-PM-1-768x1024.jpeg 768w, https:\/\/enlace-med.com\/wp-content\/uploads\/2024\/11\/WhatsApp-Image-2024-11-28-at-12.06.48-PM-1-225x300.jpeg 225w, https:\/\/enlace-med.com\/wp-content\/uploads\/2024\/11\/WhatsApp-Image-2024-11-28-at-12.06.48-PM-1.jpeg 960w\" sizes=\"(max-width: 768px) 100vw, 768px\" \/>\t\t\t\t\t\t\t\t\t\t\t\t\t\t\t<\/div>\n\t\t\t\t<\/div>\n\t\t\t\t<div class=\"elementor-element elementor-element-4a769bb elementor-widget elementor-widget-text-editor\" data-id=\"4a769bb\" data-element_type=\"widget\" data-widget_type=\"text-editor.default\">\n\t\t\t\t<div class=\"elementor-widget-container\">\n\t\t\t\t\t\t\t\t\tA\u00f1o 2024: Instituto Cugat\t\t\t\t\t\t\t\t<\/div>\n\t\t\t\t<\/div>\n\t\t\t\t<div class=\"elementor-element elementor-element-43afc25e elementor-widget elementor-widget-theme-post-title elementor-page-title elementor-widget-heading\" data-id=\"43afc25e\" data-element_type=\"widget\" data-widget_type=\"theme-post-title.default\">\n\t\t\t\t<div class=\"elementor-widget-container\">\n\t\t\t\t\t<h1 class=\"elementor-heading-title elementor-size-default\">Avances Pioneros en el Tratamiento de Hombro, Cadera, Rodilla, Pie y Mano<\/h1>\t\t\t\t<\/div>\n\t\t\t\t<\/div>\n\t\t\t\t<div class=\"elementor-element elementor-element-5430edf6 elementor-widget elementor-widget-button\" data-id=\"5430edf6\" data-element_type=\"widget\" data-widget_type=\"button.default\">\n\t\t\t\t<div class=\"elementor-widget-container\">\n\t\t\t\t\t\t\t\t\t<div class=\"elementor-button-wrapper\">\n\t\t\t\t\t<a class=\"elementor-button elementor-button-link elementor-size-sm\" href=\"https:\/\/enlace-med.com\/en\/eventos\/conferencias-prevencion-e-innovacion-en-traumatologia\/\">\n\t\t\t\t\t\t<span class=\"elementor-button-content-wrapper\">\n\t\t\t\t\t\t\t\t\t<span class=\"elementor-button-text\">Leer m\u00e1s<\/span>\n\t\t\t\t\t<\/span>\n\t\t\t\t\t<\/a>\n\t\t\t\t<\/div>\n\t\t\t\t\t\t\t\t<\/div>\n\t\t\t\t<\/div>\n\t\t\t\t\t<\/div>\n\t\t\t\t<\/div>\n\t\t\t\t<\/div>\n\t\t\t\t<div data-elementor-type=\"loop-item\" data-elementor-id=\"1280\" class=\"elementor elementor-1280 e-loop-item e-loop-item-1411 post-1411 eventos type-eventos status-publish has-post-thumbnail hentry\" data-elementor-post-type=\"elementor_library\" data-custom-edit-handle=\"1\">\n\t\t\t<div class=\"elementor-element elementor-element-700e21d9 e-flex e-con-boxed e-con e-parent\" data-id=\"700e21d9\" data-element_type=\"container\">\n\t\t\t\t\t<div class=\"e-con-inner\">\n\t\t\t\t<div class=\"elementor-element elementor-element-7461bcd6 elementor-widget elementor-widget-theme-post-featured-image elementor-widget-image\" data-id=\"7461bcd6\" data-element_type=\"widget\" data-widget_type=\"theme-post-featured-image.default\">\n\t\t\t\t<div class=\"elementor-widget-container\">\n\t\t\t\t\t\t\t\t\t\t\t\t\t\t\t<img loading=\"lazy\" decoding=\"async\" width=\"800\" height=\"534\" src=\"https:\/\/enlace-med.com\/wp-content\/uploads\/2024\/11\/DSC_7973.jpg\" class=\"attachment-large size-large wp-image-1418\" alt=\"\" srcset=\"https:\/\/enlace-med.com\/wp-content\/uploads\/2024\/11\/DSC_7973.jpg 883w, https:\/\/enlace-med.com\/wp-content\/uploads\/2024\/11\/DSC_7973-300x200.jpg 300w, https:\/\/enlace-med.com\/wp-content\/uploads\/2024\/11\/DSC_7973-768x512.jpg 768w\" sizes=\"(max-width: 800px) 100vw, 800px\" \/>\t\t\t\t\t\t\t\t\t\t\t\t\t\t\t<\/div>\n\t\t\t\t<\/div>\n\t\t\t\t<div class=\"elementor-element elementor-element-4a769bb elementor-widget elementor-widget-text-editor\" data-id=\"4a769bb\" data-element_type=\"widget\" data-widget_type=\"text-editor.default\">\n\t\t\t\t<div class=\"elementor-widget-container\">\n\t\t\t\t\t\t\t\t\tA\u00f1o 2024: Instituto Clavel\t\t\t\t\t\t\t\t<\/div>\n\t\t\t\t<\/div>\n\t\t\t\t<div class=\"elementor-element elementor-element-43afc25e elementor-widget elementor-widget-theme-post-title elementor-page-title elementor-widget-heading\" data-id=\"43afc25e\" data-element_type=\"widget\" data-widget_type=\"theme-post-title.default\">\n\t\t\t\t<div class=\"elementor-widget-container\">\n\t\t\t\t\t<h1 class=\"elementor-heading-title elementor-size-default\">Conferencia: \u201cM\u00e1s all\u00e1 de la cirug\u00eda de columna tradicional\u201d<\/h1>\t\t\t\t<\/div>\n\t\t\t\t<\/div>\n\t\t\t\t<div class=\"elementor-element elementor-element-5430edf6 elementor-widget elementor-widget-button\" data-id=\"5430edf6\" data-element_type=\"widget\" data-widget_type=\"button.default\">\n\t\t\t\t<div class=\"elementor-widget-container\">\n\t\t\t\t\t\t\t\t\t<div class=\"elementor-button-wrapper\">\n\t\t\t\t\t<a class=\"elementor-button elementor-button-link elementor-size-sm\" href=\"https:\/\/enlace-med.com\/en\/eventos\/conferencia-innovaciones-en-cirugia-de-columna\/\">\n\t\t\t\t\t\t<span class=\"elementor-button-content-wrapper\">\n\t\t\t\t\t\t\t\t\t<span class=\"elementor-button-text\">Leer m\u00e1s<\/span>\n\t\t\t\t\t<\/span>\n\t\t\t\t\t<\/a>\n\t\t\t\t<\/div>\n\t\t\t\t\t\t\t\t<\/div>\n\t\t\t\t<\/div>\n\t\t\t\t\t<\/div>\n\t\t\t\t<\/div>\n\t\t\t\t<\/div>\n\t\t\t\t<div data-elementor-type=\"loop-item\" data-elementor-id=\"1280\" class=\"elementor elementor-1280 e-loop-item e-loop-item-1406 post-1406 eventos type-eventos status-publish has-post-thumbnail hentry\" data-elementor-post-type=\"elementor_library\" data-custom-edit-handle=\"1\">\n\t\t\t<div class=\"elementor-element elementor-element-700e21d9 e-flex e-con-boxed e-con e-parent\" data-id=\"700e21d9\" data-element_type=\"container\">\n\t\t\t\t\t<div class=\"e-con-inner\">\n\t\t\t\t<div class=\"elementor-element elementor-element-7461bcd6 elementor-widget elementor-widget-theme-post-featured-image elementor-widget-image\" data-id=\"7461bcd6\" data-element_type=\"widget\" data-widget_type=\"theme-post-featured-image.default\">\n\t\t\t\t<div class=\"elementor-widget-container\">\n\t\t\t\t\t\t\t\t\t\t\t\t\t\t\t<img loading=\"lazy\" decoding=\"async\" width=\"800\" height=\"600\" src=\"https:\/\/enlace-med.com\/wp-content\/uploads\/2024\/11\/IMG-5969-1024x768.jpg\" class=\"attachment-large size-large wp-image-1408\" alt=\"\" srcset=\"https:\/\/enlace-med.com\/wp-content\/uploads\/2024\/11\/IMG-5969-1024x768.jpg 1024w, https:\/\/enlace-med.com\/wp-content\/uploads\/2024\/11\/IMG-5969-300x225.jpg 300w, https:\/\/enlace-med.com\/wp-content\/uploads\/2024\/11\/IMG-5969-768x576.jpg 768w, https:\/\/enlace-med.com\/wp-content\/uploads\/2024\/11\/IMG-5969-1536x1152.jpg 1536w, https:\/\/enlace-med.com\/wp-content\/uploads\/2024\/11\/IMG-5969.jpg 2000w\" sizes=\"(max-width: 800px) 100vw, 800px\" \/>\t\t\t\t\t\t\t\t\t\t\t\t\t\t\t<\/div>\n\t\t\t\t<\/div>\n\t\t\t\t<div class=\"elementor-element elementor-element-4a769bb elementor-widget elementor-widget-text-editor\" data-id=\"4a769bb\" data-element_type=\"widget\" data-widget_type=\"text-editor.default\">\n\t\t\t\t<div class=\"elementor-widget-container\">\n\t\t\t\t\t\t\t\t\tA\u00f1o 2023: Instituto Clavel\t\t\t\t\t\t\t\t<\/div>\n\t\t\t\t<\/div>\n\t\t\t\t<div class=\"elementor-element elementor-element-43afc25e elementor-widget elementor-widget-theme-post-title elementor-page-title elementor-widget-heading\" data-id=\"43afc25e\" data-element_type=\"widget\" data-widget_type=\"theme-post-title.default\">\n\t\t\t\t<div class=\"elementor-widget-container\">\n\t\t\t\t\t<h1 class=\"elementor-heading-title elementor-size-default\">Conferencia: Innovaciones en el tratamiento de patolog\u00edas neurocerebrales,\u00a0 avances y desaf\u00edos en la cirug\u00eda de columna<\/h1>\t\t\t\t<\/div>\n\t\t\t\t<\/div>\n\t\t\t\t<div class=\"elementor-element elementor-element-5430edf6 elementor-widget elementor-widget-button\" data-id=\"5430edf6\" data-element_type=\"widget\" data-widget_type=\"button.default\">\n\t\t\t\t<div class=\"elementor-widget-container\">\n\t\t\t\t\t\t\t\t\t<div class=\"elementor-button-wrapper\">\n\t\t\t\t\t<a class=\"elementor-button elementor-button-link elementor-size-sm\" href=\"https:\/\/enlace-med.com\/en\/eventos\/conferencia-innovaciones-en-neurocirugia-y-cirugia-de-columna\/\">\n\t\t\t\t\t\t<span class=\"elementor-button-content-wrapper\">\n\t\t\t\t\t\t\t\t\t<span class=\"elementor-button-text\">Leer m\u00e1s<\/span>\n\t\t\t\t\t<\/span>\n\t\t\t\t\t<\/a>\n\t\t\t\t<\/div>\n\t\t\t\t\t\t\t\t<\/div>\n\t\t\t\t<\/div>\n\t\t\t\t\t<\/div>\n\t\t\t\t<\/div>\n\t\t\t\t<\/div>\n\t\t\t\t<\/div>\n\t\t\n\t\t\t\t\t\t<\/div>\n\t\t\t\t<\/div>\n\t\t\t\t<\/div>\n\t\t\t\t<\/div>\n\t\t\t\t<\/div>\n\t\t","protected":false},"excerpt":{"rendered":"<p>Events<\/p>","protected":false},"author":2,"featured_media":0,"parent":0,"menu_order":0,"comment_status":"closed","ping_status":"closed","template":"elementor_header_footer","meta":{"_acf_changed":false,"_eb_attr":"","content-type":"","footnotes":""},"class_list":["post-1293","page","type-page","status-publish","hentry"],"acf":[],"aioseo_notices":[],"_links":{"self":[{"href":"https:\/\/enlace-med.com\/en\/wp-json\/wp\/v2\/pages\/1293","targetHints":{"allow":["GET"]}}],"collection":[{"href":"https:\/\/enlace-med.com\/en\/wp-json\/wp\/v2\/pages"}],"about":[{"href":"https:\/\/enlace-med.com\/en\/wp-json\/wp\/v2\/types\/page"}],"author":[{"embeddable":true,"href":"https:\/\/enlace-med.com\/en\/wp-json\/wp\/v2\/users\/2"}],"replies":[{"embeddable":true,"href":"https:\/\/enlace-med.com\/en\/wp-json\/wp\/v2\/comments?post=1293"}],"version-history":[{"count":34,"href":"https:\/\/enlace-med.com\/en\/wp-json\/wp\/v2\/pages\/1293\/revisions"}],"predecessor-version":[{"id":2978,"href":"https:\/\/enlace-med.com\/en\/wp-json\/wp\/v2\/pages\/1293\/revisions\/2978"}],"wp:attachment":[{"href":"https:\/\/enlace-med.com\/en\/wp-json\/wp\/v2\/media?parent=1293"}],"curies":[{"name":"wp","href":"https:\/\/api.w.org\/{rel}","templated":true}]}}