{"id":1053,"date":"2024-10-16T20:46:31","date_gmt":"2024-10-16T18:46:31","guid":{"rendered":"https:\/\/enlace-med.com\/?page_id=1053"},"modified":"2025-03-31T16:27:23","modified_gmt":"2025-03-31T14:27:23","slug":"otras-especialidades","status":"publish","type":"page","link":"https:\/\/enlace-med.com\/en\/otras-especialidades\/","title":{"rendered":"Other specialties"},"content":{"rendered":"<div data-elementor-type=\"wp-page\" data-elementor-id=\"1053\" class=\"elementor elementor-1053\" data-elementor-post-type=\"page\">\n\t\t\t\t<div class=\"elementor-element elementor-element-d73132a e-con-full e-flex e-con e-parent\" data-id=\"d73132a\" data-element_type=\"container\">\n\t\t<div class=\"elementor-element elementor-element-836f455 e-con-full e-flex e-con e-child\" data-id=\"836f455\" data-element_type=\"container\" data-settings=\"{&quot;background_background&quot;:&quot;classic&quot;}\">\n\t\t<div class=\"elementor-element elementor-element-c0eb2f7 e-con-full e-flex e-con e-child\" data-id=\"c0eb2f7\" data-element_type=\"container\">\n\t\t\t\t<div class=\"elementor-element elementor-element-19dd6eb elementor-widget elementor-widget-heading\" data-id=\"19dd6eb\" data-element_type=\"widget\" data-widget_type=\"heading.default\">\n\t\t\t\t<div class=\"elementor-widget-container\">\n\t\t\t\t\t<h2 class=\"elementor-heading-title elementor-size-default\">Other specialties<\/h2>\t\t\t\t<\/div>\n\t\t\t\t<\/div>\n\t\t\t\t<\/div>\n\t\t<div class=\"elementor-element elementor-element-d2fb081 e-con-full e-flex e-con e-child\" data-id=\"d2fb081\" data-element_type=\"container\">\n\t\t\t\t<\/div>\n\t\t\t\t<\/div>\n\t\t\t\t<\/div>\n\t\t<div class=\"elementor-element elementor-element-c7f20b8 e-con-full e-flex e-con e-parent\" data-id=\"c7f20b8\" data-element_type=\"container\">\n\t\t<div class=\"elementor-element elementor-element-574a1ea e-con-full e-flex elementor-invisible e-con e-child\" data-id=\"574a1ea\" data-element_type=\"container\" data-settings=\"{&quot;background_background&quot;:&quot;classic&quot;,&quot;animation&quot;:&quot;fadeInRight&quot;}\">\n\t\t<div class=\"elementor-element elementor-element-9772aba e-con-full e-flex e-con e-child\" data-id=\"9772aba\" data-element_type=\"container\">\n\t\t\t\t<div class=\"elementor-element elementor-element-e54bcdc elementor-widget elementor-widget-text-editor\" data-id=\"e54bcdc\" data-element_type=\"widget\" data-widget_type=\"text-editor.default\">\n\t\t\t\t<div class=\"elementor-widget-container\">\n\t\t\t\t\t\t\t\t\t<p>At EnlaceMed, we specialize in advising and accompanying patients in the search for the most appropriate medical options for their needs, offering a personalized and highly professional approach. Our services are supported by a team of experts working with the latest medical and technological advances. In addition, we have a network of specialists available to address various areas of health, ensuring that each patient receives the most appropriate and specialized care according to their condition. Our commitment is to provide continuous support, from the initial evaluation to recovery, always guaranteeing the highest quality medical care.<\/p>\t\t\t\t\t\t\t\t<\/div>\n\t\t\t\t<\/div>\n\t\t\t\t<div class=\"elementor-element elementor-element-7a5c3e3 elementor-widget elementor-widget-button\" data-id=\"7a5c3e3\" data-element_type=\"widget\" data-widget_type=\"button.default\">\n\t\t\t\t<div class=\"elementor-widget-container\">\n\t\t\t\t\t\t\t\t\t<div class=\"elementor-button-wrapper\">\n\t\t\t\t\t<a class=\"elementor-button elementor-button-link elementor-size-sm\" href=\"#elementor-action%3Aaction%3Dpopup%3Aopen%26settings%3DeyJpZCI6IjgxOCIsInRvZ2dsZSI6ZmFsc2V9\">\n\t\t\t\t\t\t<span class=\"elementor-button-content-wrapper\">\n\t\t\t\t\t\t\t\t\t<span class=\"elementor-button-text\">Request more information<\/span>\n\t\t\t\t\t<\/span>\n\t\t\t\t\t<\/a>\n\t\t\t\t<\/div>\n\t\t\t\t\t\t\t\t<\/div>\n\t\t\t\t<\/div>\n\t\t\t\t<\/div>\n\t\t<div class=\"elementor-element elementor-element-1f002b4 e-con-full e-flex e-con e-child\" data-id=\"1f002b4\" data-element_type=\"container\">\n\t\t\t\t<div class=\"elementor-element elementor-element-5c43674 elementor-widget elementor-widget-image\" data-id=\"5c43674\" data-element_type=\"widget\" data-widget_type=\"image.default\">\n\t\t\t\t<div class=\"elementor-widget-container\">\n\t\t\t\t\t\t\t\t\t\t\t\t\t\t\t<img fetchpriority=\"high\" decoding=\"async\" width=\"683\" height=\"1024\" src=\"https:\/\/enlace-med.com\/wp-content\/uploads\/2024\/10\/prescribing-drugs-1-683x1024.jpg\" class=\"attachment-large size-large wp-image-1073\" alt=\"\" srcset=\"https:\/\/enlace-med.com\/wp-content\/uploads\/2024\/10\/prescribing-drugs-1-683x1024.jpg 683w, https:\/\/enlace-med.com\/wp-content\/uploads\/2024\/10\/prescribing-drugs-1-200x300.jpg 200w, https:\/\/enlace-med.com\/wp-content\/uploads\/2024\/10\/prescribing-drugs-1-768x1152.jpg 768w, https:\/\/enlace-med.com\/wp-content\/uploads\/2024\/10\/prescribing-drugs-1-1024x1536.jpg 1024w, https:\/\/enlace-med.com\/wp-content\/uploads\/2024\/10\/prescribing-drugs-1-scaled.jpg 1707w\" sizes=\"(max-width: 683px) 100vw, 683px\" \/>\t\t\t\t\t\t\t\t\t\t\t\t\t\t\t<\/div>\n\t\t\t\t<\/div>\n\t\t\t\t<\/div>\n\t\t\t\t<\/div>\n\t\t\t\t<\/div>\n\t\t\t\t<\/div>","protected":false},"excerpt":{"rendered":"<p>Otras especialidades En EnlaceMed, nos especializamos en asesorar y acompa\u00f1ar a los pacientes en la b\u00fasqueda de las opciones m\u00e9dicas m\u00e1s adecuadas para sus necesidades, ofreciendo un enfoque personalizado y altamente profesional. Nuestros servicios est\u00e1n respaldados por un equipo de expertos que trabaja con los \u00faltimos avances m\u00e9dicos y tecnol\u00f3gicos. Adem\u00e1s, contamos con una red [&hellip;]<\/p>\n","protected":false},"author":2,"featured_media":0,"parent":0,"menu_order":0,"comment_status":"closed","ping_status":"closed","template":"elementor_header_footer","meta":{"_acf_changed":false,"_eb_attr":"","content-type":"","footnotes":""},"class_list":["post-1053","page","type-page","status-publish","hentry"],"acf":[],"aioseo_notices":[],"_links":{"self":[{"href":"https:\/\/enlace-med.com\/en\/wp-json\/wp\/v2\/pages\/1053","targetHints":{"allow":["GET"]}}],"collection":[{"href":"https:\/\/enlace-med.com\/en\/wp-json\/wp\/v2\/pages"}],"about":[{"href":"https:\/\/enlace-med.com\/en\/wp-json\/wp\/v2\/types\/page"}],"author":[{"embeddable":true,"href":"https:\/\/enlace-med.com\/en\/wp-json\/wp\/v2\/users\/2"}],"replies":[{"embeddable":true,"href":"https:\/\/enlace-med.com\/en\/wp-json\/wp\/v2\/comments?post=1053"}],"version-history":[{"count":34,"href":"https:\/\/enlace-med.com\/en\/wp-json\/wp\/v2\/pages\/1053\/revisions"}],"predecessor-version":[{"id":2845,"href":"https:\/\/enlace-med.com\/en\/wp-json\/wp\/v2\/pages\/1053\/revisions\/2845"}],"wp:attachment":[{"href":"https:\/\/enlace-med.com\/en\/wp-json\/wp\/v2\/media?parent=1053"}],"curies":[{"name":"wp","href":"https:\/\/api.w.org\/{rel}","templated":true}]}}